{"id":14,"date":"2013-11-05T19:58:41","date_gmt":"2013-11-05T19:58:41","guid":{"rendered":"https:\/\/abchypnose.com\/?page_id=14"},"modified":"2014-01-05T16:18:35","modified_gmt":"2014-01-05T15:18:35","slug":"14-2","status":"publish","type":"page","link":"https:\/\/abchypnose.com\/?page_id=14","title":{"rendered":"PNL"},"content":{"rendered":"<p><span style=\"font-family: 'trebuchet ms', geneva; font-size: small;\">La PNL (programmation neuro-linguistique) est issue de l&#8217;analyse pragmatique par Richard Bandler et John Grinder\u00a0des diff\u00e9rentes techniques utilis\u00e9es par certains \u00a0&#8220;grand&#8221;\u00a0psychoth\u00e9rapeutes des ann\u00e9es 1970.<\/span><\/p>\n<p><span style=\"font-family: 'trebuchet ms', geneva; font-size: small;\">L&#8217;id\u00e9e g\u00e9n\u00e9rale \u00e9tait de pouvoir mod\u00e9liser les outils linguistiques qu&#8217;utilisaient ces th\u00e9rapeutes ayant des r\u00e9sultats \u00e9tonnants dans leurs pratiques. Leurs diverses observations leurs ont permis d&#8217;\u00e9diter de nombreux travaux concernant des mod\u00e8les de communications efficaces. Ils ont par certains points permis de traduire le g\u00e9nie des techniques de ces psychoth\u00e9rapeutes\u00a0en outils simples et compr\u00e9hensibles pouvant \u00eatre enseign\u00e9s \u00e0 tout un chacun.<\/span><\/p>\n<p><span style=\"font-family: 'trebuchet ms', geneva; font-size: small;\">Depuis de nombreux autres chercheurs ont enrichi ces outils ce qui a donn\u00e9 diff\u00e9rentes g\u00e9n\u00e9rations de PNL.<\/span><\/p>\n<p><a title=\"Les outils\" href=\"https:\/\/abchypnose.com\/?page_id=9\">Retour<\/a><\/p>\n","protected":false},"excerpt":{"rendered":"<p>La PNL (programmation neuro-linguistique) est issue de l&#8217;analyse pragmatique par Richard Bandler et John Grinder\u00a0des diff\u00e9rentes techniques utilis\u00e9es par certains \u00a0&#8220;grand&#8221;\u00a0psychoth\u00e9rapeutes des ann\u00e9es 1970. L&#8217;id\u00e9e g\u00e9n\u00e9rale \u00e9tait de pouvoir mod\u00e9liser les outils linguistiques qu&#8217;utilisaient ces th\u00e9rapeutes ayant des r\u00e9sultats \u00e9tonnants dans leurs pratiques. Leurs diverses observations leurs ont permis d&#8217;\u00e9diter de nombreux travaux concernant des [&hellip;]<\/p>\n","protected":false},"author":1,"featured_media":0,"parent":9,"menu_order":0,"comment_status":"closed","ping_status":"open","template":"","meta":{"footnotes":""},"class_list":["post-14","page","type-page","status-publish","hentry"],"_links":{"self":[{"href":"https:\/\/abchypnose.com\/index.php?rest_route=\/wp\/v2\/pages\/14","targetHints":{"allow":["GET"]}}],"collection":[{"href":"https:\/\/abchypnose.com\/index.php?rest_route=\/wp\/v2\/pages"}],"about":[{"href":"https:\/\/abchypnose.com\/index.php?rest_route=\/wp\/v2\/types\/page"}],"author":[{"embeddable":true,"href":"https:\/\/abchypnose.com\/index.php?rest_route=\/wp\/v2\/users\/1"}],"replies":[{"embeddable":true,"href":"https:\/\/abchypnose.com\/index.php?rest_route=%2Fwp%2Fv2%2Fcomments&post=14"}],"version-history":[{"count":8,"href":"https:\/\/abchypnose.com\/index.php?rest_route=\/wp\/v2\/pages\/14\/revisions"}],"predecessor-version":[{"id":219,"href":"https:\/\/abchypnose.com\/index.php?rest_route=\/wp\/v2\/pages\/14\/revisions\/219"}],"up":[{"embeddable":true,"href":"https:\/\/abchypnose.com\/index.php?rest_route=\/wp\/v2\/pages\/9"}],"wp:attachment":[{"href":"https:\/\/abchypnose.com\/index.php?rest_route=%2Fwp%2Fv2%2Fmedia&parent=14"}],"curies":[{"name":"wp","href":"https:\/\/api.w.org\/{rel}","templated":true}]}}