{"id":144,"date":"2013-11-24T16:48:06","date_gmt":"2013-11-24T15:48:06","guid":{"rendered":"https:\/\/abchypnose.com\/?page_id=144"},"modified":"2014-02-03T11:13:47","modified_gmt":"2014-02-03T10:13:47","slug":"la-suite","status":"publish","type":"page","link":"https:\/\/abchypnose.com\/?page_id=144","title":{"rendered":"&#8230;La suite"},"content":{"rendered":"<p><span style=\"font-family: 'trebuchet ms', geneva; font-size: small;\"><span style=\"font-family: 'trebuchet ms', geneva; font-size: small;\">Comment cela se passe plus\u00a0pr\u00e9cis\u00e9ment\u00a0?\u00a0<\/span><\/span><\/p>\n<p><span style=\"font-family: 'trebuchet ms', geneva; font-size: small;\">Et bien c&#8217;est assez simple, prenez contact avec moi par email ou t\u00e9l\u00e9phone pour que l&#8217;on puisse \u00e9changer sur votre but ou sur la situation que vous d\u00e9sirez faire \u00e9voluer.<\/span><\/p>\n<p><span style=\"font-family: 'trebuchet ms', geneva; font-size: small;\"> Il est important pour vous comme pour moi que vous soyez anim\u00e9 d&#8217;une r\u00e9elle envie de changer, que votre d\u00e9marche soit non pas un vague d\u00e9sir mais une franche et\u00a0honn\u00eate motivation \u00e0 atteindre un objectif qui soit important pour <strong>Vous<\/strong>.<\/span><\/p>\n<p><span style=\"font-family: 'trebuchet ms', geneva; font-size: small;\">Lors d&#8217;une s\u00e9ance d&#8217;hypnose vous aurez la libert\u00e9 de vous prouver que ces outils ne sont pas efficaces sur vous &#8230; ou plus simplement vous laissez aller \u00e0 une autre forme de contr\u00f4le de soi et peut-\u00eatre m\u00eame \u00eatre surpris par votre propre capacit\u00e9 \u00e0 changer et \u00e0 \u00e9voluer &#8230; le choix vous appartient.<\/span><\/p>\n<p><span style=\"font-family: 'trebuchet ms', geneva; font-size: small;\">Toujours int\u00e9ress\u00e9 ? <\/span><a style=\"font-family: 'trebuchet ms', geneva; font-size: small;\" title=\"Plus loin\" href=\"https:\/\/abchypnose.com\/?page_id=148\">alors allons plus loin\u00a0<\/a><span style=\"font-family: 'trebuchet ms', geneva; font-size: small;\">&#8230;<\/span><\/p>\n<p>&nbsp;<\/p>\n<p>&nbsp;<\/p>\n","protected":false},"excerpt":{"rendered":"<p>Comment cela se passe plus\u00a0pr\u00e9cis\u00e9ment\u00a0?\u00a0 Et bien c&#8217;est assez simple, prenez contact avec moi par email ou t\u00e9l\u00e9phone pour que l&#8217;on puisse \u00e9changer sur votre but ou sur la situation que vous d\u00e9sirez faire \u00e9voluer. Il est important pour vous comme pour moi que vous soyez anim\u00e9 d&#8217;une r\u00e9elle envie de changer, que votre d\u00e9marche [&hellip;]<\/p>\n","protected":false},"author":1,"featured_media":0,"parent":2,"menu_order":0,"comment_status":"closed","ping_status":"open","template":"","meta":{"footnotes":""},"class_list":["post-144","page","type-page","status-publish","hentry"],"_links":{"self":[{"href":"https:\/\/abchypnose.com\/index.php?rest_route=\/wp\/v2\/pages\/144","targetHints":{"allow":["GET"]}}],"collection":[{"href":"https:\/\/abchypnose.com\/index.php?rest_route=\/wp\/v2\/pages"}],"about":[{"href":"https:\/\/abchypnose.com\/index.php?rest_route=\/wp\/v2\/types\/page"}],"author":[{"embeddable":true,"href":"https:\/\/abchypnose.com\/index.php?rest_route=\/wp\/v2\/users\/1"}],"replies":[{"embeddable":true,"href":"https:\/\/abchypnose.com\/index.php?rest_route=%2Fwp%2Fv2%2Fcomments&post=144"}],"version-history":[{"count":10,"href":"https:\/\/abchypnose.com\/index.php?rest_route=\/wp\/v2\/pages\/144\/revisions"}],"predecessor-version":[{"id":237,"href":"https:\/\/abchypnose.com\/index.php?rest_route=\/wp\/v2\/pages\/144\/revisions\/237"}],"up":[{"embeddable":true,"href":"https:\/\/abchypnose.com\/index.php?rest_route=\/wp\/v2\/pages\/2"}],"wp:attachment":[{"href":"https:\/\/abchypnose.com\/index.php?rest_route=%2Fwp%2Fv2%2Fmedia&parent=144"}],"curies":[{"name":"wp","href":"https:\/\/api.w.org\/{rel}","templated":true}]}}