{"id":148,"date":"2013-11-24T17:14:31","date_gmt":"2013-11-24T16:14:31","guid":{"rendered":"https:\/\/abchypnose.com\/?page_id=148"},"modified":"2018-05-16T10:57:45","modified_gmt":"2018-05-16T09:57:45","slug":"plus-loin","status":"publish","type":"page","link":"https:\/\/abchypnose.com\/?page_id=148","title":{"rendered":"&#8230;Allons plus loin"},"content":{"rendered":"<p><span style=\"font-family: 'trebuchet ms', geneva; font-size: small;\">Le jour du rendez-vous convenu, nous nous rencontrons en cabinet. Pas de sofa, pas de canap\u00e9, \u00a0juste deux chaises et deux \u00catres Humains &#8230;.<\/span><\/p>\n<p><span style=\"font-family: 'trebuchet ms', geneva; font-size: small;\">Une s\u00e9ance commence habituellement par une discussion sur les raisons de votre venue, vos motivations, vos envies, selon les cas vous aurez peut-\u00eatre \u00e0 scinder vos buts en \u00e9tape \u00e0 atteindre. Vous aurez l&#8217;opportunit\u00e9 de valider que le but que vous recherchez est bien pr\u00e9cis\u00e9ment ce que vous imaginez. <\/span><\/p>\n<p><span style=\"font-family: 'trebuchet ms', geneva; font-size: small;\">Lorsque tout sera parfaitement pr\u00e9cis\u00e9, la partie hypnotique deviendra plus pr\u00e9sente. A l&#8217;aide de certaines techniques de communication, vous serez guid\u00e9s vers un \u00e9tat particulier. Dans cet \u00e9tat vous aurez l&#8217;occasion d\u2019acc\u00e9der \u00e0 certaines ressources, de modifier certains comportements et de mettre les processus en place pour atteindre votre objectif.<\/span><\/p>\n<p><span style=\"font-family: 'trebuchet ms', geneva; font-size: small;\">Suite \u00e0 cela vous serez de nouveau guid\u00e9s vers un \u00e9tat de conscience plus habituelle. <\/span><\/p>\n<p><span style=\"font-family: 'trebuchet ms', geneva; font-size: small;\">Dans les jours qui suivent vous vous laisserez simplement surprendre par ces d\u00e9tails qui changent au fur et \u00e0 mesure. Vous pourrez garder le contact pour me faire part de ce qui se d\u00e9roule pour vous.<\/span><\/p>\n<p><span style=\"font-family: 'trebuchet ms', geneva; font-size: small;\">Le nombre de s\u00e9ances est tr\u00e8s variable selon les sujets et les personnes &#8230; parfois une s\u00e9ance suffit, le plus commun \u00e9tant de trois \u00e0 cinq s\u00e9ances dans certains cas plus.<\/span><\/p>\n<p><span style=\"font-family: 'trebuchet ms', geneva; font-size: small;\">Le point le plus important c&#8217;est que vous deveniez autonome de vos changements, je conseille d&#8217;ailleurs de ne pas retourner voir un hypnologue plus de trois fois si vous n&#8217;avez pas per\u00e7u de changement dans votre vie.<\/span><\/p>\n<p><span style=\"font-family: 'trebuchet ms', geneva; font-size: small;\">Voici <\/span><a style=\"font-family: 'trebuchet ms', geneva; font-size: small;\" title=\"Champ d\u2019application\" href=\"https:\/\/abchypnose.com\/?page_id=56\">une liste<\/a><span style=\"font-family: 'trebuchet ms', geneva; font-size: small;\"> de sujets qui peuvent \u00eatre accompagner en hypnose, elle est loin d&#8217;\u00eatre\u00a0exhaustive bien sur &#8230;\u00a0<\/span><\/p>\n<p>&nbsp;<\/p>\n","protected":false},"excerpt":{"rendered":"<p>Le jour du rendez-vous convenu, nous nous rencontrons en cabinet. Pas de sofa, pas de canap\u00e9, \u00a0juste deux chaises et deux \u00catres Humains &#8230;. Une s\u00e9ance commence habituellement par une discussion sur les raisons de votre venue, vos motivations, vos envies, selon les cas vous aurez peut-\u00eatre \u00e0 scinder vos buts en \u00e9tape \u00e0 atteindre. [&hellip;]<\/p>\n","protected":false},"author":1,"featured_media":0,"parent":144,"menu_order":0,"comment_status":"closed","ping_status":"open","template":"","meta":{"footnotes":""},"class_list":["post-148","page","type-page","status-publish","hentry"],"_links":{"self":[{"href":"https:\/\/abchypnose.com\/index.php?rest_route=\/wp\/v2\/pages\/148","targetHints":{"allow":["GET"]}}],"collection":[{"href":"https:\/\/abchypnose.com\/index.php?rest_route=\/wp\/v2\/pages"}],"about":[{"href":"https:\/\/abchypnose.com\/index.php?rest_route=\/wp\/v2\/types\/page"}],"author":[{"embeddable":true,"href":"https:\/\/abchypnose.com\/index.php?rest_route=\/wp\/v2\/users\/1"}],"replies":[{"embeddable":true,"href":"https:\/\/abchypnose.com\/index.php?rest_route=%2Fwp%2Fv2%2Fcomments&post=148"}],"version-history":[{"count":10,"href":"https:\/\/abchypnose.com\/index.php?rest_route=\/wp\/v2\/pages\/148\/revisions"}],"predecessor-version":[{"id":270,"href":"https:\/\/abchypnose.com\/index.php?rest_route=\/wp\/v2\/pages\/148\/revisions\/270"}],"up":[{"embeddable":true,"href":"https:\/\/abchypnose.com\/index.php?rest_route=\/wp\/v2\/pages\/144"}],"wp:attachment":[{"href":"https:\/\/abchypnose.com\/index.php?rest_route=%2Fwp%2Fv2%2Fmedia&parent=148"}],"curies":[{"name":"wp","href":"https:\/\/api.w.org\/{rel}","templated":true}]}}