{"id":2,"date":"2013-11-05T17:04:57","date_gmt":"2013-11-05T17:04:57","guid":{"rendered":"https:\/\/abchypnose.com\/?page_id=2"},"modified":"2018-04-21T14:44:09","modified_gmt":"2018-04-21T13:44:09","slug":"sample-page","status":"publish","type":"page","link":"https:\/\/abchypnose.com\/","title":{"rendered":"Le d\u00e9but d&#8217;une histoire&#8230;"},"content":{"rendered":"<p><span style=\"font-family: 'trebuchet ms', geneva; font-size: small;\">Le but de ce site est de partager avec vous ma vision de ce qu&#8217;est l&#8217;hypnose et surtout en quoi elle peut vous \u00eatre utile.<\/span><br \/>\n<span style=\"font-family: 'trebuchet ms', geneva; font-size: small;\">Il existe diff\u00e9rents types d&#8217;hypnose, celle que j&#8217;utilise est appel\u00e9e Hypnose Ericksonienne. Ma conception de l&#8217;Hypnose Ericksonienne est qu&#8217;il s&#8217;agit d&#8217;un formidable Outil d\u2019Apprentissage et de Changement.<\/span><br \/>\n<span style=\"font-family: 'trebuchet ms', geneva; font-size: small;\">L&#8217;hypnose va vous permettre de remettre plus de mouvement, plus de contr\u00f4le et plus de choix dans votre vie.<\/span><\/p>\n<p><span style=\"font-family: 'trebuchet ms', geneva; font-size: small;\"><span style=\"font-family: 'trebuchet ms', geneva;\">Etes-vous d\u00e9cid\u00e9 \u00e0 continuer vers <a title=\"La suite\" href=\"https:\/\/abchypnose.com\/?page_id=144\">la suite de l&#8217;histoire<\/a>\u00a0?<\/span><\/span><\/p>\n<p><span style=\"font-size: x-small;\"><span style=\"font-family: 'trebuchet ms', geneva;\">Certifi\u00e9 par l&#8217;ARCHE : ma\u00eetre praticien en Hypnose Ericksonienne &#8211; praticien PNL-H &#8211; Formateur &#8211; Superviseur<\/span><\/span><\/p>\n<p><em><span style=\"font-family: 'trebuchet ms', geneva;\"><span style=\"font-size: xx-small;\">Hypnose Ericksonienne sur Aix-en-Provence, Marseille, Aubagne, Cassis, la\u00a0Ciotat\u00a0et les environs.<\/span><\/span><\/em><\/p>\n","protected":false},"excerpt":{"rendered":"<p>Le but de ce site est de partager avec vous ma vision de ce qu&#8217;est l&#8217;hypnose et surtout en quoi elle peut vous \u00eatre utile. Il existe diff\u00e9rents types d&#8217;hypnose, celle que j&#8217;utilise est appel\u00e9e Hypnose Ericksonienne. Ma conception de l&#8217;Hypnose Ericksonienne est qu&#8217;il s&#8217;agit d&#8217;un formidable Outil d\u2019Apprentissage et de Changement. L&#8217;hypnose va vous [&hellip;]<\/p>\n","protected":false},"author":1,"featured_media":0,"parent":0,"menu_order":0,"comment_status":"closed","ping_status":"open","template":"","meta":{"footnotes":""},"class_list":["post-2","page","type-page","status-publish","hentry"],"_links":{"self":[{"href":"https:\/\/abchypnose.com\/index.php?rest_route=\/wp\/v2\/pages\/2","targetHints":{"allow":["GET"]}}],"collection":[{"href":"https:\/\/abchypnose.com\/index.php?rest_route=\/wp\/v2\/pages"}],"about":[{"href":"https:\/\/abchypnose.com\/index.php?rest_route=\/wp\/v2\/types\/page"}],"author":[{"embeddable":true,"href":"https:\/\/abchypnose.com\/index.php?rest_route=\/wp\/v2\/users\/1"}],"replies":[{"embeddable":true,"href":"https:\/\/abchypnose.com\/index.php?rest_route=%2Fwp%2Fv2%2Fcomments&post=2"}],"version-history":[{"count":11,"href":"https:\/\/abchypnose.com\/index.php?rest_route=\/wp\/v2\/pages\/2\/revisions"}],"predecessor-version":[{"id":267,"href":"https:\/\/abchypnose.com\/index.php?rest_route=\/wp\/v2\/pages\/2\/revisions\/267"}],"wp:attachment":[{"href":"https:\/\/abchypnose.com\/index.php?rest_route=%2Fwp%2Fv2%2Fmedia&parent=2"}],"curies":[{"name":"wp","href":"https:\/\/api.w.org\/{rel}","templated":true}]}}