{"id":278,"date":"2025-05-02T14:37:17","date_gmt":"2025-05-02T13:37:17","guid":{"rendered":"https:\/\/abchypnose.com\/?page_id=278"},"modified":"2025-12-01T09:50:30","modified_gmt":"2025-12-01T08:50:30","slug":"supervision-pour-praticiens-en-hypnose-un-espace-pour-grandir-ensemble","status":"publish","type":"page","link":"https:\/\/abchypnose.com\/?page_id=278","title":{"rendered":"Supervision"},"content":{"rendered":"\n<p>\u00catre praticien en hypnose, c\u2019est accompagner les autres avec c\u0153ur et engagement. Mais qui nous accompagne, nous ?<\/p>\n\n\n\n<p>Je vous propose un espace de <strong>supervision bienveillante et constructive<\/strong>, con\u00e7u sp\u00e9cialement pour les praticiens en hypnose, quel que soit leur niveau d\u2019exp\u00e9rience.<br>Un espace pour <strong>ne plus avancer seul<\/strong>, pour poser ses doutes, partager ses exp\u00e9riences, et renforcer sa posture professionnelle.<\/p>\n\n\n\n<p><strong>Objectifs de la supervision :<\/strong><\/p>\n\n\n\n<p><strong>Ne plus se sentir isol\u00e9<\/strong> : \u00c9changez avec d\u2019autres praticiens qui partagent les m\u00eames questionnements, les m\u00eames \u00e9lans, les m\u00eames d\u00e9fis.<\/p>\n\n\n\n<p><strong>D\u00e9charger l\u2019impact \u00e9motionnel des accompagnements<\/strong> : Certains cas viennent nous toucher profond\u00e9ment. La supervision est un cadre s\u00fbr pour exprimer ce que cela provoque en vous, et retrouver lucidit\u00e9 et \u00e9quilibre.<\/p>\n\n\n\n<p><strong>Identifier vos zones sensibles<\/strong> : Chaque client r\u00e9veille en nous des \u00e9chos inconscients. Nous apprendrons \u00e0 reconna\u00eetre ces failles pour mieux les transformer en leviers de croissance.<\/p>\n\n\n\n<p><strong>Am\u00e9liorer vos strat\u00e9gies d\u2019accompagnement<\/strong> : En revisitant ensemble des cas concrets, vous affinerez votre approche, gagnerez en pertinence et en fluidit\u00e9.<\/p>\n\n\n\n<p><strong>Progresser techniquement<\/strong> : Techniques, protocoles, cr\u00e9ativit\u00e9 hypnotique&#8230; la supervision est aussi un espace d\u2019apprentissage continu.<\/p>\n\n\n\n<p><strong>D\u00e9velopper vos comp\u00e9tences marketing<\/strong> : Car \u00eatre un bon praticien, c\u2019est aussi savoir se rendre visible. Nous aborderons les leviers pour faire conna\u00eetre votre pratique de mani\u00e8re \u00e9thique et align\u00e9e.<\/p>\n\n\n\n<hr class=\"wp-block-separator has-alpha-channel-opacity\"\/>\n\n\n\n<p><strong>Pour qui ?<\/strong><\/p>\n\n\n\n<p>Ce service s\u2019adresse aux praticiens en hypnose form\u00e9s, en activit\u00e9 ou en lancement, qui ressentent le besoin d\u2019\u00eatre soutenus, inspir\u00e9s et challeng\u00e9s dans leur pratique.<\/p>\n\n\n\n<p><strong>Format propos\u00e9 :<\/strong><\/p>\n\n\n\n<p>\u2013 Supervision individuelle (pr\u00e9sentiel et en ligne) :&nbsp;<\/p>\n\n\n\n<p>=&gt; 70 euros pour 1 heure<\/p>\n\n\n\n<p>Prise de rendez-vous par mail : <a href=\"mailto:surace.bruno@yahoo.com\">3surace@gmail.com<\/a><\/p>\n\n\n\n<p><strong>Supervision pour Praticiens en Hypnose : Un espace pour grandir, ensemble<\/strong><\/p>\n","protected":false},"excerpt":{"rendered":"<p>\u00catre praticien en hypnose, c\u2019est accompagner les autres avec c\u0153ur et engagement. Mais qui nous accompagne, nous ? Je vous propose un espace de supervision bienveillante et constructive, con\u00e7u sp\u00e9cialement pour les praticiens en hypnose, quel que soit leur niveau d\u2019exp\u00e9rience.Un espace pour ne plus avancer seul, pour poser ses doutes, partager ses exp\u00e9riences, et [&hellip;]<\/p>\n","protected":false},"author":1,"featured_media":0,"parent":0,"menu_order":0,"comment_status":"closed","ping_status":"closed","template":"","meta":{"footnotes":""},"class_list":["post-278","page","type-page","status-publish","hentry"],"_links":{"self":[{"href":"https:\/\/abchypnose.com\/index.php?rest_route=\/wp\/v2\/pages\/278","targetHints":{"allow":["GET"]}}],"collection":[{"href":"https:\/\/abchypnose.com\/index.php?rest_route=\/wp\/v2\/pages"}],"about":[{"href":"https:\/\/abchypnose.com\/index.php?rest_route=\/wp\/v2\/types\/page"}],"author":[{"embeddable":true,"href":"https:\/\/abchypnose.com\/index.php?rest_route=\/wp\/v2\/users\/1"}],"replies":[{"embeddable":true,"href":"https:\/\/abchypnose.com\/index.php?rest_route=%2Fwp%2Fv2%2Fcomments&post=278"}],"version-history":[{"count":10,"href":"https:\/\/abchypnose.com\/index.php?rest_route=\/wp\/v2\/pages\/278\/revisions"}],"predecessor-version":[{"id":304,"href":"https:\/\/abchypnose.com\/index.php?rest_route=\/wp\/v2\/pages\/278\/revisions\/304"}],"wp:attachment":[{"href":"https:\/\/abchypnose.com\/index.php?rest_route=%2Fwp%2Fv2%2Fmedia&parent=278"}],"curies":[{"name":"wp","href":"https:\/\/api.w.org\/{rel}","templated":true}]}}