{"id":33,"date":"2013-11-22T14:53:43","date_gmt":"2013-11-22T14:53:43","guid":{"rendered":"https:\/\/abchypnose.com\/?page_id=33"},"modified":"2014-01-05T16:18:54","modified_gmt":"2014-01-05T15:18:54","slug":"ritmo","status":"publish","type":"page","link":"https:\/\/abchypnose.com\/?page_id=33","title":{"rendered":"RITMO"},"content":{"rendered":"<p><span style=\"font-family: 'trebuchet ms', geneva; font-size: small;\">RITMO (Retraitement de l\u2019Information Traumatique par les Mouvements Oculaires), issue de l\u2019EMDR. Il s&#8217;agit d&#8217;une technique permettant en particulier la gestion des traumatismes, elle est souvent utilis\u00e9e dans le cas de choc violent, agression, stress post-traumatique &#8230;<\/span><\/p>\n<p><span style=\"font-family: 'trebuchet ms', geneva; font-size: small;\">En simplifiant cela permet \u00e0 notre cerveau de passer du mode &#8220;alerte&#8221; &#8211; dans lequel il est rest\u00e9 bloqu\u00e9 suite \u00e0 un \u00e9v\u00e9nement &#8211; au mode &#8220;normal&#8221; l\u2019\u00e9v\u00e9nement est fini, on peut maintenant le d\u00e9passer.<\/span><\/p>\n<p><a title=\"Les outils\" href=\"https:\/\/abchypnose.com\/?page_id=9\">Retour<\/a><\/p>\n","protected":false},"excerpt":{"rendered":"<p>RITMO (Retraitement de l\u2019Information Traumatique par les Mouvements Oculaires), issue de l\u2019EMDR. Il s&#8217;agit d&#8217;une technique permettant en particulier la gestion des traumatismes, elle est souvent utilis\u00e9e dans le cas de choc violent, agression, stress post-traumatique &#8230; En simplifiant cela permet \u00e0 notre cerveau de passer du mode &#8220;alerte&#8221; &#8211; dans lequel il est rest\u00e9 [&hellip;]<\/p>\n","protected":false},"author":1,"featured_media":0,"parent":9,"menu_order":0,"comment_status":"closed","ping_status":"open","template":"","meta":{"footnotes":""},"class_list":["post-33","page","type-page","status-publish","hentry"],"_links":{"self":[{"href":"https:\/\/abchypnose.com\/index.php?rest_route=\/wp\/v2\/pages\/33","targetHints":{"allow":["GET"]}}],"collection":[{"href":"https:\/\/abchypnose.com\/index.php?rest_route=\/wp\/v2\/pages"}],"about":[{"href":"https:\/\/abchypnose.com\/index.php?rest_route=\/wp\/v2\/types\/page"}],"author":[{"embeddable":true,"href":"https:\/\/abchypnose.com\/index.php?rest_route=\/wp\/v2\/users\/1"}],"replies":[{"embeddable":true,"href":"https:\/\/abchypnose.com\/index.php?rest_route=%2Fwp%2Fv2%2Fcomments&post=33"}],"version-history":[{"count":6,"href":"https:\/\/abchypnose.com\/index.php?rest_route=\/wp\/v2\/pages\/33\/revisions"}],"predecessor-version":[{"id":220,"href":"https:\/\/abchypnose.com\/index.php?rest_route=\/wp\/v2\/pages\/33\/revisions\/220"}],"up":[{"embeddable":true,"href":"https:\/\/abchypnose.com\/index.php?rest_route=\/wp\/v2\/pages\/9"}],"wp:attachment":[{"href":"https:\/\/abchypnose.com\/index.php?rest_route=%2Fwp%2Fv2%2Fmedia&parent=33"}],"curies":[{"name":"wp","href":"https:\/\/api.w.org\/{rel}","templated":true}]}}