{"id":40,"date":"2013-11-22T15:16:11","date_gmt":"2013-11-22T15:16:11","guid":{"rendered":"https:\/\/abchypnose.com\/?page_id=40"},"modified":"2014-01-05T16:18:12","modified_gmt":"2014-01-05T15:18:12","slug":"eft","status":"publish","type":"page","link":"https:\/\/abchypnose.com\/?page_id=40","title":{"rendered":"EFT"},"content":{"rendered":"<p><span style=\"font-family: 'trebuchet ms', geneva; font-size: small;\">EFT (Emotional Freedom Technique ou en bon fran\u00e7ais\u00a0Techniques de Libert\u00e9 \u00c9motionnelle) <\/span><\/p>\n<p><span style=\"font-family: 'trebuchet ms', geneva; font-size: small;\">Cette technique est une sorte d&#8217;acupuncture sans aiguille, il serait plus juste donc d&#8217;utiliser le terme acupression.<\/span><br \/>\n<span style=\"font-family: 'trebuchet ms', geneva; font-size: small;\">A l\u2019instar de son cousin piquant, les pressions se font par &#8216;tapping&#8217; le long des m\u00e9ridiens r\u00e9pertori\u00e9s par\u00a0la m\u00e9decine chinoise. En particulier au niveau du visage et des mains.<\/span><\/p>\n<p><a title=\"Les outils\" href=\"https:\/\/abchypnose.com\/?page_id=9\">Retour<\/a><\/p>\n","protected":false},"excerpt":{"rendered":"<p>EFT (Emotional Freedom Technique ou en bon fran\u00e7ais\u00a0Techniques de Libert\u00e9 \u00c9motionnelle) Cette technique est une sorte d&#8217;acupuncture sans aiguille, il serait plus juste donc d&#8217;utiliser le terme acupression. A l\u2019instar de son cousin piquant, les pressions se font par &#8216;tapping&#8217; le long des m\u00e9ridiens r\u00e9pertori\u00e9s par\u00a0la m\u00e9decine chinoise. En particulier au niveau du visage et [&hellip;]<\/p>\n","protected":false},"author":1,"featured_media":0,"parent":9,"menu_order":0,"comment_status":"closed","ping_status":"open","template":"","meta":{"footnotes":""},"class_list":["post-40","page","type-page","status-publish","hentry"],"_links":{"self":[{"href":"https:\/\/abchypnose.com\/index.php?rest_route=\/wp\/v2\/pages\/40","targetHints":{"allow":["GET"]}}],"collection":[{"href":"https:\/\/abchypnose.com\/index.php?rest_route=\/wp\/v2\/pages"}],"about":[{"href":"https:\/\/abchypnose.com\/index.php?rest_route=\/wp\/v2\/types\/page"}],"author":[{"embeddable":true,"href":"https:\/\/abchypnose.com\/index.php?rest_route=\/wp\/v2\/users\/1"}],"replies":[{"embeddable":true,"href":"https:\/\/abchypnose.com\/index.php?rest_route=%2Fwp%2Fv2%2Fcomments&post=40"}],"version-history":[{"count":7,"href":"https:\/\/abchypnose.com\/index.php?rest_route=\/wp\/v2\/pages\/40\/revisions"}],"predecessor-version":[{"id":218,"href":"https:\/\/abchypnose.com\/index.php?rest_route=\/wp\/v2\/pages\/40\/revisions\/218"}],"up":[{"embeddable":true,"href":"https:\/\/abchypnose.com\/index.php?rest_route=\/wp\/v2\/pages\/9"}],"wp:attachment":[{"href":"https:\/\/abchypnose.com\/index.php?rest_route=%2Fwp%2Fv2%2Fmedia&parent=40"}],"curies":[{"name":"wp","href":"https:\/\/api.w.org\/{rel}","templated":true}]}}