{"id":45,"date":"2013-11-22T15:39:56","date_gmt":"2013-11-22T15:39:56","guid":{"rendered":"https:\/\/abchypnose.com\/?page_id=45"},"modified":"2013-11-23T17:29:30","modified_gmt":"2013-11-23T17:29:30","slug":"charte-ethique","status":"publish","type":"page","link":"https:\/\/abchypnose.com\/?page_id=45","title":{"rendered":"Charte \u00e9thique"},"content":{"rendered":"<p>En tant que praticien j\u2019adh\u00e8re compl\u00e8tement \u00e0 la charte \u00e9thique suivante :<\/p>\n<p><b>Charte de l&#8217;A.R.C.H.E. <\/b><\/p>\n<p><b>Ethique <\/b><\/p>\n<p>Conscients de disposer de clefs d&#8217;acc\u00e8s efficaces aux ressources de l&#8217;inconscient et de la responsabilit\u00e9 de promouvoir une d\u00e9finition et une perception originales des processus de l&#8217;inconscient; souhaitant par ailleurs \u00e9viter le double pi\u00e8ge de l&#8217;instrumentalisation de l&#8217;hypnose dans un cadre m\u00e9dical tout en reconnaissant la n\u00e9cessit\u00e9 d&#8217;officialiser et de rendre visible leur propre d\u00e9marche aupr\u00e8s de publics en demande &#8211; tout \u00e0 fait l\u00e9gitime &#8211; de rep\u00e8res, les praticiens de l&#8217;hypnose ericksonienne et de la PNL membres de l&#8217;ARCHE promulguent et s&#8217;engagent au respect de la pr\u00e9sente charte.<\/p>\n<p>CHARTE<\/p>\n<p>Toute personne souhaitant acqu\u00e9rir la qualit\u00e9 de membre professionnel de l&#8217;ARCHE et s&#8217;en pr\u00e9valoir publiquement est tenue de souscrire \u00e0 la pr\u00e9sente charte. Le signataire s&#8217;engage alors au respect des diff\u00e9rentes clauses qui suivent. L&#8217;utilit\u00e9 d&#8217;une telle charte appara\u00eet dans une triple perspective : &#8211; aupr\u00e8s des professionnels soucieux de souscrire \u00e0 des crit\u00e8res objectifs de reconnaissance de la comp\u00e9tence, de la rigueur, des protocoles et techniques de leurs homologues et d&#8217;eux-m\u00eames; &#8211; vis \u00e0 vis des &#8220;usagers&#8221; de l&#8217;hypnose ericksonienne \u00e0 qui est garanti, par le praticien auquel ils s&#8217;adressent, le respect d&#8217;un socle d\u00e9ontologique; &#8211; envers celles et ceux qui aspirent \u00e0 une connaissance toujours plus profonde des relations entre corps et esprit, par l&#8217;expression des orientations philosophiques majeures de l&#8217;association.<\/p>\n<p>&nbsp;<\/p>\n<p><b>Ethique <\/b><\/p>\n<p>Article 1 : hypnose et conscience<\/p>\n<p>Dans une culture o\u00f9 la distinction classique entre &#8220;image&#8221; et &#8220;fait&#8221;, entre &#8220;virtuel&#8221; et &#8220;r\u00e9el&#8221;, est de moins en moins \u00e9vidente, le signataire s&#8217;engage \u00e0 favoriser une &#8220;p\u00e9dagogie&#8221; du changement destin\u00e9e \u00e0 assurer au plus grand nombre la ma\u00eetrise et la connaissance des principes d\u2019action de la suggestion sous toutes ces formes. Ainsi il privil\u00e9gie pour ses clients la connaissance et l\u2019exploration de soi.<\/p>\n<p>Article 2 : clause de conscience<\/p>\n<p>Le signataire refuse d&#8217;intervenir dans tous les cas o\u00f9 l&#8217;int\u00e9r\u00eat d&#8217;autrui lui appara\u00eet menac\u00e9, \u00e0 travers une perte d&#8217;autonomie en particulier. Le signataire refuse toute intervention susceptible de favoriser l&#8217;assujettissement d&#8217;un individu \u00e0 un groupe ou \u00e0 une id\u00e9ologie, quelque valeureuses qu&#8217;en apparaissent les finalit\u00e9s. Le praticien de la PNL et de l&#8217;hypnose ericksonienne ne peut soumettre la personne humaine \u00e0 un<\/p>\n<p>objectif qui lui serait \u00e9tranger et qui le transformerait en simple moyen d&#8217;une politique commerciale.<\/p>\n<p>Article 3 : respect des droits humains fondamentaux, de la diversit\u00e9, des \u00e9quilibres \u00e9cologiques<\/p>\n<p>Le signataire refuse, dans le cadre de la d\u00e9finition d&#8217;un objectif \u00e0 atteindre, de favoriser l&#8217;expression de toute forme de volont\u00e9 de puissance<i>. <\/i>le praticien respecte et promeut l\u2019autonomie, la dignit\u00e9 humaine, sa libert\u00e9 ainsi que tous les droits inh\u00e9rents \u00e0 la nature humaine.<\/p>\n<p>Article 4 : juste rapport au sujet en psychoth\u00e9rapie<\/p>\n<p>Le signataire refuse une gestion de la s\u00e9ance et du suivi impliquant &#8220;la position haute&#8221; du th\u00e9rapeute. Le signataire consid\u00e8re toute personne comme hypnotisable et responsable. Il se donne une obligation de moyen d\u00e8s lors qu\u2019il accepte une demande.<\/p>\n<p>Article 5 : transparence et d\u00e9bat<\/p>\n<p>Le signataire se d\u00e9finit comme repr\u00e9sentant, \u00e0 la fois praticien et promoteur, d&#8217;une &#8220;philosophie du changement&#8221;. La &#8220;philosophie du changement&#8221; en hypnose implique principalement la recherche permanente du recadrage, de la multiplication des points de vue, et de l\u2019\u00e9largissement des possibilit\u00e9s.<\/p>\n<p>Article 6 : Philosophie du changement et recadrage des situations.<\/p>\n<p>Le signataire refuse tout assujettissement \u00e0 un courant de pens\u00e9e ou \u00e0 une doctrine psychologique accordant \u00e0 l&#8217;inconscient un statut ontologique inf\u00e9rieur \u00e0 celui du conscient. La raison \u00e9tant que le signataire ne juge pas a priori pertinente ou op\u00e9rationnelle la r\u00e9partition <i>des processus psychologiques \u00e0 partir des deux cat\u00e9gories du conscient et de l&#8217;inconscient. Il <\/i>lui pr\u00e9f\u00e8re une perception dynamique et \u00e9volutive consid\u00e9rant qu&#8217;il y a le plus souvent une continuit\u00e9 et des interactions entre ces deux r\u00e9alit\u00e9s et non pas une diff\u00e9rence de nature.<\/p>\n<p>Article 7 : Hypnose et spectacle En aucun cas, l&#8217;hypnose ne peut \u00eatre utilis\u00e9e pour la recherche d&#8217;un effet ext\u00e9rieur, spectaculaire ou de toute action dont le but irait \u00e0 l\u2019encontre de la volont\u00e9 et de l\u2019int\u00e9r\u00eat du sujet.<\/p>\n<p>Article 8 : Une vision positive de l&#8217;inconscient<\/p>\n<p>L\u2019inconscient est, en hypnose ericksonienne, consid\u00e9r\u00e9 comme une ressource. Il est ainsi \u00ab positif \u00bb dans le sens o\u00f9 il est le r\u00e9ceptacle du mat\u00e9riel \u00e0 partir duquel un changement, un apprentissage ou une \u00e9volution deviennent possible.<\/p>\n<p>Article 9 : Recherche de l&#8217;autonomie des publics de l&#8217;hypnose<\/p>\n<p>Le signataire favorise, par l&#8217;exercice d&#8217;une philosophie du changement, tant par sa pratique que par ses enseignements ou par ses recherches, une autonomie toujours plus forte de l&#8217;ensemble des publics avec lesquels il est en rapport.<\/p>\n<p>Article 10 : Une conception ouverte de la temporalit\u00e9<\/p>\n<p>Le signataire consid\u00e8re, dans le cadre de son action, le pr\u00e9sent comme la seule dimension temporelle \u00e0 l&#8217;oeuvre. Le pass\u00e9 et l&#8217;avenir sont, dans ce cadre, de nature exclusivement repr\u00e9sentationnelle. Le pass\u00e9 d&#8217;un sujet n&#8217;a pas valeur pr\u00e9\u00e9minente pour appr\u00e9hender ou produire un changement interne. La philosophie du changement op\u00e8re par la possible red\u00e9finition de l&#8217;individu \u00e0 chaque instant. &#8220;Tout est dans le pr\u00e9sent, \u00e0 commencer par les repr\u00e9sentations du pass\u00e9 et de l&#8217;avenir&#8221; : telle est la probl\u00e9matique de la temporalit\u00e9 abord\u00e9e en hypnose ericksonienne.<\/p>\n<p>Article 11 : L&#8217;hypnose ericksonienne comme art Le signataire consid\u00e8re sa pratique comme un art impliquant la connaissance pr\u00e9alable des bases techniques propres \u00e0 l\u2019hypnose, mais aussi aux disciplines compl\u00e9mentaires que sont la syst\u00e9mique, la P.N.L ou les T.C.C. En tant qu\u2019art, l\u2019adaptation ; la cr\u00e9ativit\u00e9, la recherche d\u2019un travail unique et adapt\u00e9 non pas \u00e0 une demande mais \u00e0 une personnalit\u00e9 forment la base du travail du signataire.<\/p>\n<p>Article 12 : Une approche pragmatique Le praticien ericksonien privil\u00e9gie la dimension pratique de son art sur toute forme de sp\u00e9culation intellectuelle; il privil\u00e9gie le &#8220;comment&#8221; sur le &#8220;pourquoi&#8221;, le rep\u00e9rage d&#8217;un sch\u00e8me psychocorporel nouveau sur toute projection d&#8217;une id\u00e9ologie uniforme quel que soit l&#8217;individu. Cependant, il s&#8217;efforce de formaliser l&#8217;ensemble de ses exp\u00e9riences dans des termes accessibles au plus grand nombre. Dans sa pratique, le signataire ne cherche pas \u00e0 supprimer \u00e0 sympt\u00f4me, mais \u00e0 agir sur les m\u00e9canismes inconscients qui sont \u00e0 l\u2019origine d\u2019une probl\u00e9matique. Ainsi il ne recherche pas une seule efficacit\u00e9 imm\u00e9diate, mais la transformation compl\u00e8te, coh\u00e9rente et s\u2019inscrivant dans la dur\u00e9e.<\/p>\n<p>Article 13 : devoir de confidentialit\u00e9 et de discr\u00e9tion Le signataire s&#8217;engage, en dehors de son travail d&#8217;enseignement ou de recherche, \u00e0 respecter scrupuleusement le devoir de confidentialit\u00e9 vis \u00e0 vis des personnes qui le consultent. Le contenu informatif sur l&#8217;intimit\u00e9, l&#8217;historicit\u00e9 ou m\u00eame, dans certains cas bien sp\u00e9cifiques, sur l&#8217;objectif du sujet, n&#8217;a pas d&#8217;int\u00e9r\u00eat majeur dans les applications de l&#8217;hypnose.<\/p>\n<p>Article 14 : &#8220;Programmer le changement&#8221; Sous le rapport \u00e0 la PNL (Programmation Neuro Linguistique), le praticien ne soustrait pas un &#8220;programme&#8221;, un &#8220;sch\u00e9ma&#8221; entretenu par l&#8217;individu. Il en propose d&#8217;autres. A titre d&#8217;exemple, il ne sugg\u00e8rera pas au sujet de ne plus \u00eatre d\u00e9pressif mais de devenir tel qu&#8217;il d\u00e9sire \u00eatre. L&#8217;hypnose ajoute des possibilit\u00e9s.<\/p>\n<p>Article 15 : Hypnose et art-th\u00e9rapie Le signataire consid\u00e9rant sa pratique comme un art aura volontiers recours \u00e0 des disciplines voisines telles que le th\u00e9\u00e2tre, la rh\u00e9torique, la linguistique\u2026 La recherche pragmatique de l&#8217;efficacit\u00e9 sur toute forme de sp\u00e9culation intellectuelle participe d&#8217;une large indiff\u00e9rence du praticien signataire de la pr\u00e9sente charte \u00e0 toute forme de posture mondaine. En aucun cas, le signataire ne peut arguer de l&#8217;appartenance \u00e0 l&#8217;ARCHE pour s&#8217;attribuer une quelconque autorit\u00e9 lui permettant de qualifier id\u00e9ologiquement l&#8217;association comme appartenant \u00e0 tel ou tel courant. L&#8217;hypnose ericksonienne ne peut pas \u00eatre consid\u00e9r\u00e9e, quel que soit le caract\u00e8re surprenant de certains de ses r\u00e9sultats, comme relevant de la magie dans le sens habituel accord\u00e9 \u00e0 ce terme&#8230;<\/p>\n<p>Article 16 : Hypnose et congruence, la juste attitude Le praticien signataire ne se pr\u00e9occupe ni de sa propre image, ni de se conformer aux attentes convenues d&#8217;un sujet. Il veille \u00e0 ce que ses propres croyances n&#8217;interf\u00e8rent pas dans sa pratique professionnelle. Il affiche une neutralit\u00e9 bienveillante. Il fonde ses pratiques sur un optimisme dans les processus de changement, dans les capacit\u00e9s d&#8217;adaptation des personnes, dans les r\u00e9ponses susceptibles d&#8217;\u00eatre \u00e9labor\u00e9es par l&#8217;inconscient, dans l&#8217;\u00e9mergence de solutions destin\u00e9es \u00e0 cr\u00e9er un changement ou \u00e0 accro\u00eetre l&#8217;autonomie des personnes. Le signataire doit en particulier d\u00e9velopper la &#8220;congruence&#8221;, autrement dit son aptitude \u00e0 \u00eatre &#8220;fluide&#8221; et \u00e0 se rendre plastique au langage de l&#8217;inconscient et \u00e0 pouvoir &#8220;dialoguer&#8221; avec ce dernier pour en faire surgir la solution.<\/p>\n<p>Article 17 : Fixation de l&#8217;objectif, recherche de solutions Toute intervention du signataire est orient\u00e9e vers une solution pratique et polaris\u00e9e par un objectif pr\u00e9cis. L&#8217;attitude du signataire doit se traduire \u00e0 l&#8217;\u00e9gard des sujets comme une &#8220;neutralit\u00e9 bienveillante&#8221; et extr\u00eamement positive. Les \u00e9motions positives du client, sa propre valorisation mesur\u00e9e, seront recherch\u00e9es prioritairement. Il s&#8217;agit d&#8217;encourager les \u00e9motions agr\u00e9ables associ\u00e9es \u00e0 une repr\u00e9sentation optimiste susceptible de produire plus facilement la solution pratique recherch\u00e9e.<\/p>\n<p>Article 18 : Technique de programmation et autonomie L&#8217;hypnose est avant tout une technique de communication et de changement et si certaines de ses applications peuvent \u00eatre utiles \u00e0 d&#8217;autres professions, il est important d&#8217;\u00e9viter toute confusion dans l&#8217;esprit du public. L&#8217;hypnose n&#8217;est pas une technique m\u00e9dicale, et ne d\u00e9pend pas de la psychologie. Le praticien s&#8217;engage \u00e0 ne pas aller sur un terrain d&#8217;intervention qui d\u00e9passe ses comp\u00e9tences. Toutefois, une fois la distinction pos\u00e9e, il est \u00e9vident que les applications m\u00e9dicales ne repr\u00e9sentent qu&#8217;une infime partie des applications et possibilit\u00e9s de l\u2019hypnose.<\/p>\n<p>Article 19 : Evolution du praticien Le signataire s\u2019engage \u00e0 \u00eatre dans une perspective d\u2019\u00e9volution et de remise en cause r\u00e9guli\u00e8re dans sa pratique. Il suit ainsi une supervision professionnelle et compl\u00e8te r\u00e9guli\u00e8rement sa formation par des approfondissements, des lectures, des recherches et tout autre outil lui permettant de progresser dans son art.<\/p>\n<p>Le signataire a toute latitude pour faire conna\u00eetre et revendiquer son appartenance \u00e0 l&#8217;ARCHE. Il devra porter \u00e0 la connaissance des tiers la charte \u00e0 laquelle il a souscrit toutes les fois o\u00f9 ceux-ci demanderont \u00e0 identifier ses choix philosophiques, \u00e9thiques et techniques.<\/p>\n","protected":false},"excerpt":{"rendered":"<p>En tant que praticien j\u2019adh\u00e8re compl\u00e8tement \u00e0 la charte \u00e9thique suivante : Charte de l&#8217;A.R.C.H.E. Ethique Conscients de disposer de clefs d&#8217;acc\u00e8s efficaces aux ressources de l&#8217;inconscient et de la responsabilit\u00e9 de promouvoir une d\u00e9finition et une perception originales des processus de l&#8217;inconscient; souhaitant par ailleurs \u00e9viter le double pi\u00e8ge de l&#8217;instrumentalisation de l&#8217;hypnose dans [&hellip;]<\/p>\n","protected":false},"author":1,"featured_media":0,"parent":51,"menu_order":0,"comment_status":"closed","ping_status":"open","template":"","meta":{"footnotes":""},"class_list":["post-45","page","type-page","status-publish","hentry"],"_links":{"self":[{"href":"https:\/\/abchypnose.com\/index.php?rest_route=\/wp\/v2\/pages\/45","targetHints":{"allow":["GET"]}}],"collection":[{"href":"https:\/\/abchypnose.com\/index.php?rest_route=\/wp\/v2\/pages"}],"about":[{"href":"https:\/\/abchypnose.com\/index.php?rest_route=\/wp\/v2\/types\/page"}],"author":[{"embeddable":true,"href":"https:\/\/abchypnose.com\/index.php?rest_route=\/wp\/v2\/users\/1"}],"replies":[{"embeddable":true,"href":"https:\/\/abchypnose.com\/index.php?rest_route=%2Fwp%2Fv2%2Fcomments&post=45"}],"version-history":[{"count":3,"href":"https:\/\/abchypnose.com\/index.php?rest_route=\/wp\/v2\/pages\/45\/revisions"}],"predecessor-version":[{"id":84,"href":"https:\/\/abchypnose.com\/index.php?rest_route=\/wp\/v2\/pages\/45\/revisions\/84"}],"up":[{"embeddable":true,"href":"https:\/\/abchypnose.com\/index.php?rest_route=\/wp\/v2\/pages\/51"}],"wp:attachment":[{"href":"https:\/\/abchypnose.com\/index.php?rest_route=%2Fwp%2Fv2%2Fmedia&parent=45"}],"curies":[{"name":"wp","href":"https:\/\/api.w.org\/{rel}","templated":true}]}}