{"id":56,"date":"2013-11-22T15:49:34","date_gmt":"2013-11-22T15:49:34","guid":{"rendered":"https:\/\/abchypnose.com\/?page_id=56"},"modified":"2018-05-16T10:45:05","modified_gmt":"2018-05-16T09:45:05","slug":"champ-dapplication","status":"publish","type":"page","link":"https:\/\/abchypnose.com\/?page_id=56","title":{"rendered":"Champ d&#8217;application"},"content":{"rendered":"<p><span style=\"font-size: small; font-family: 'trebuchet ms', geneva;\">Quelques exemples de sujets pouvant amener \u00e0 prendre rendez-vous :<\/span><br \/>\n<span style=\"font-family: 'trebuchet ms', geneva; font-size: small;\">\u00a0 \u00a0 Arr\u00eat du tabac<\/span><br \/>\n<span style=\"font-family: 'trebuchet ms', geneva; font-size: small;\">\u00a0 \u00a0 Etats d\u00e9pressifs<\/span><br \/>\n<span style=\"font-family: 'trebuchet ms', geneva; font-size: small;\">\u00a0 \u00a0 Angoisse, Stress<\/span><br \/>\n<span style=\"font-family: 'trebuchet ms', geneva; font-size: small;\">\u00a0 \u00a0 Peurs et Phobies<\/span><br \/>\n<span style=\"font-family: 'trebuchet ms', geneva; font-size: small;\">\u00a0 \u00a0 Gestion de la douleur<\/span><br \/>\n<span style=\"font-family: 'trebuchet ms', geneva; font-size: small;\">\u00a0 \u00a0 Gestion des compulsions<\/span><br \/>\n<span style=\"font-family: 'trebuchet ms', geneva; font-size: small;\">\u00a0 \u00a0 Gestion d&#8217;un deuil<\/span><br \/>\n<span style=\"font-size: small; font-family: 'trebuchet ms', geneva;\">\u00a0 \u00a0 Mincir et le rester<\/span><br \/>\n<span style=\"font-family: 'trebuchet ms', geneva; font-size: small;\">\u00a0 \u00a0 Am\u00e9lioration de la M\u00e9moire<\/span><br \/>\n<span style=\"font-family: 'trebuchet ms', geneva; font-size: small;\">\u00a0 \u00a0 Confiance en soi<\/span><br \/>\n<span style=\"font-family: 'trebuchet ms', geneva; font-size: small;\">\u00a0 \u00a0 Pr\u00e9paration aux examens<\/span><br \/>\n<span style=\"font-family: 'trebuchet ms', geneva; font-size: small;\">\u00a0 \u00a0 Et autres types de\u00a0D\u00e9veloppement Personnel<\/span><br \/>\n<span style=\"font-size: small; font-family: 'trebuchet ms', geneva;\">Ces sujets repr\u00e9sentent souvent <strong>la partie \u00e9merg\u00e9e de l&#8217;Iceberg<\/strong>, il existe souvent des aspects plus profonds \u00e0 aborder.<\/span><br \/>\n<span style=\"font-size: small; font-family: 'trebuchet ms', geneva;\">L\u2019hypnose s\u2019attache justement \u00e0 travailler ou remettre en mouvement ses aspects plus profonds. <\/span><br \/>\n<strong><span style=\"font-size: small; font-family: 'trebuchet ms', geneva;\">Dans les faits, le travail ne consiste pas \u00e0 travailler sur l\u2019arr\u00eat du tabac par exemple, mais plut\u00f4t sur ce qui fait qu\u2019une personne \u00e0 encore besoin de fumer.<\/span><\/strong><br \/>\n<span style=\"font-size: small; font-family: 'trebuchet ms', geneva;\">Pour en savoir plus sur les outils de changements<\/span><span style=\"font-size: small; font-family: 'trebuchet ms', geneva;\">, <a title=\"Les outils\" href=\"https:\/\/abchypnose.com\/?page_id=9\">suivez le guide<\/a>. \u00a0<\/span><\/p>\n","protected":false},"excerpt":{"rendered":"<p>Quelques exemples de sujets pouvant amener \u00e0 prendre rendez-vous : \u00a0 \u00a0 Arr\u00eat du tabac \u00a0 \u00a0 Etats d\u00e9pressifs \u00a0 \u00a0 Angoisse, Stress \u00a0 \u00a0 Peurs et Phobies \u00a0 \u00a0 Gestion de la douleur \u00a0 \u00a0 Gestion des compulsions \u00a0 \u00a0 Gestion d&#8217;un deuil \u00a0 \u00a0 Mincir et le rester \u00a0 \u00a0 Am\u00e9lioration de la [&hellip;]<\/p>\n","protected":false},"author":1,"featured_media":0,"parent":0,"menu_order":0,"comment_status":"closed","ping_status":"open","template":"","meta":{"footnotes":""},"class_list":["post-56","page","type-page","status-publish","hentry"],"_links":{"self":[{"href":"https:\/\/abchypnose.com\/index.php?rest_route=\/wp\/v2\/pages\/56","targetHints":{"allow":["GET"]}}],"collection":[{"href":"https:\/\/abchypnose.com\/index.php?rest_route=\/wp\/v2\/pages"}],"about":[{"href":"https:\/\/abchypnose.com\/index.php?rest_route=\/wp\/v2\/types\/page"}],"author":[{"embeddable":true,"href":"https:\/\/abchypnose.com\/index.php?rest_route=\/wp\/v2\/users\/1"}],"replies":[{"embeddable":true,"href":"https:\/\/abchypnose.com\/index.php?rest_route=%2Fwp%2Fv2%2Fcomments&post=56"}],"version-history":[{"count":10,"href":"https:\/\/abchypnose.com\/index.php?rest_route=\/wp\/v2\/pages\/56\/revisions"}],"predecessor-version":[{"id":269,"href":"https:\/\/abchypnose.com\/index.php?rest_route=\/wp\/v2\/pages\/56\/revisions\/269"}],"wp:attachment":[{"href":"https:\/\/abchypnose.com\/index.php?rest_route=%2Fwp%2Fv2%2Fmedia&parent=56"}],"curies":[{"name":"wp","href":"https:\/\/api.w.org\/{rel}","templated":true}]}}