{"id":9,"date":"2013-11-05T19:43:50","date_gmt":"2013-11-05T19:43:50","guid":{"rendered":"https:\/\/abchypnose.com\/?page_id=9"},"modified":"2014-01-05T16:21:04","modified_gmt":"2014-01-05T15:21:04","slug":"test","status":"publish","type":"page","link":"https:\/\/abchypnose.com\/?page_id=9","title":{"rendered":"Les outils"},"content":{"rendered":"<p><span style=\"font-family: 'trebuchet ms', geneva; font-size: small;\">Je peux utiliser diff\u00e9rents outils lors de mes accompagnements hypnotiques, chacun d&#8217;eux pr\u00e9sentant des avantages vari\u00e9s. Mais l&#8217;hypnose reste au c\u0153ur de ma <\/span><span style=\"font-family: 'trebuchet ms', geneva; font-size: small;\">pratique, elle me permet tout simplement de d\u00e9cupler l&#8217;impacte et la puissance de chacun d&#8217;eux via un acc\u00e8s direct \u00e0 l&#8217;inconscient.<\/span><\/p>\n<p><span style=\"font-family: 'trebuchet ms', geneva; font-size: small;\">Les diff\u00e9rents outils \u00e0 votre disposition :<\/span><\/p>\n<p style=\"padding-left: 30px;\"><span style=\"font-family: 'trebuchet ms', geneva; font-size: small;\"><a title=\"Hypnose Ericksonienne\" href=\"https:\/\/abchypnose.com\/?page_id=23\">Hypnose\u00a0Ericksonienne<\/a><\/span><\/p>\n<p style=\"padding-left: 30px;\"><span style=\"font-family: 'trebuchet ms', geneva; font-size: small;\"><a title=\"PNL\" href=\"https:\/\/abchypnose.com\/?page_id=14\">PNL<\/a> de 1er, 2\u00e8me et 3 \u00e8me g\u00e9n\u00e9ration<\/span><\/p>\n<p style=\"padding-left: 30px;\"><span style=\"font-family: 'trebuchet ms', geneva; font-size: small;\"><a title=\"RITMO\" href=\"https:\/\/abchypnose.com\/?page_id=33\">RITMO <\/a>(Retraitement de l\u2019Information Traumatique par les Mouvements Oculaires), issue de l\u2019EMDR<\/span><\/p>\n<p style=\"padding-left: 30px;\"><span style=\"font-family: 'trebuchet ms', geneva; font-size: small;\"><a title=\"EFT\" href=\"https:\/\/abchypnose.com\/?page_id=40\">EFT<\/a> (Emotional Freedom Technique)<\/span><\/p>\n<p><span style=\"font-family: 'trebuchet ms', geneva; font-size: small;\">La plupart de ces outils reposent sur des bases scientifiques solides et de nombreux travaux de recherche ont \u00e9t\u00e9 publi\u00e9. Il est de plus en plus commun maintenant par exemple d&#8217;avoir recours \u00e0 l&#8217;Hypnose pour la gestion de la douleur dans les h\u00f4pitaux &#8211; d&#8217;ailleurs certaines op\u00e9rations se font sous anesth\u00e9sie par \u00a0Hypnose &#8211; Certains soldats am\u00e9ricains de retour de conflit font souvent appel aux techniques de mouvements oculaires&#8230;Les autres techniques \u00e9tant plus r\u00e9centes elles n&#8217;ont pas encore ce fondement scientifique. Ind\u00e9pendamment de cela la raison pour laquelle je les utilisent est leur efficacit\u00e9 constat\u00e9e.<\/span><\/p>\n<p><a title=\"Contacts et Tarifs\" href=\"https:\/\/abchypnose.com\/?page_id=59\">Pr\u00eat pour l&#8217;aventure ?<\/a><\/p>\n","protected":false},"excerpt":{"rendered":"<p>Je peux utiliser diff\u00e9rents outils lors de mes accompagnements hypnotiques, chacun d&#8217;eux pr\u00e9sentant des avantages vari\u00e9s. Mais l&#8217;hypnose reste au c\u0153ur de ma pratique, elle me permet tout simplement de d\u00e9cupler l&#8217;impacte et la puissance de chacun d&#8217;eux via un acc\u00e8s direct \u00e0 l&#8217;inconscient. Les diff\u00e9rents outils \u00e0 votre disposition : Hypnose\u00a0Ericksonienne PNL de 1er, [&hellip;]<\/p>\n","protected":false},"author":1,"featured_media":0,"parent":0,"menu_order":0,"comment_status":"closed","ping_status":"open","template":"","meta":{"footnotes":""},"class_list":["post-9","page","type-page","status-publish","hentry"],"_links":{"self":[{"href":"https:\/\/abchypnose.com\/index.php?rest_route=\/wp\/v2\/pages\/9","targetHints":{"allow":["GET"]}}],"collection":[{"href":"https:\/\/abchypnose.com\/index.php?rest_route=\/wp\/v2\/pages"}],"about":[{"href":"https:\/\/abchypnose.com\/index.php?rest_route=\/wp\/v2\/types\/page"}],"author":[{"embeddable":true,"href":"https:\/\/abchypnose.com\/index.php?rest_route=\/wp\/v2\/users\/1"}],"replies":[{"embeddable":true,"href":"https:\/\/abchypnose.com\/index.php?rest_route=%2Fwp%2Fv2%2Fcomments&post=9"}],"version-history":[{"count":10,"href":"https:\/\/abchypnose.com\/index.php?rest_route=\/wp\/v2\/pages\/9\/revisions"}],"predecessor-version":[{"id":221,"href":"https:\/\/abchypnose.com\/index.php?rest_route=\/wp\/v2\/pages\/9\/revisions\/221"}],"wp:attachment":[{"href":"https:\/\/abchypnose.com\/index.php?rest_route=%2Fwp%2Fv2%2Fmedia&parent=9"}],"curies":[{"name":"wp","href":"https:\/\/api.w.org\/{rel}","templated":true}]}}